{"id":94,"date":"2020-01-30T21:29:18","date_gmt":"2020-01-30T20:29:18","guid":{"rendered":"http:\/\/www.assessor.fr\/?page_id=94"},"modified":"2020-02-07T20:00:40","modified_gmt":"2020-02-07T19:00:40","slug":"94-2","status":"publish","type":"page","link":"https:\/\/www.assessor.fr\/index.php\/94-2\/","title":{"rendered":"Activit\u00e9s"},"content":{"rendered":"\n<p><\/p>\n\n\n\n<p style=\"font-size:0\"><\/p>\n\n\n\n<p><strong>Gestion de Projet<\/strong><\/p>\n\n\n\n<p>\u2022 Interface unique du client aupr\u00e8s duquel nous collectons les besoins et \u00e0 qui nous adressons le reporting. <\/p>\n\n\n\n<p>\u2022 Dimensionnement et management d\u2019une \u00e9quipe d\u2019experts tout au long du projet. <\/p>\n\n\n\n<p>\u2022 Garantissons le respect des co\u00fbts, du d\u00e9lai et du budget. <\/p>\n\n\n\n<p>\u2022 Garantissons le respects des r\u00e8gles et des normes de r\u00e9alisation.  <\/p>\n\n\n\n<p>\u2022 Conseillons le client sur la base de notre exp\u00e9rience, de notre expertise<\/p>\n\n\n\n<figure class=\"wp-block-image size-large\"><img loading=\"lazy\" width=\"1024\" height=\"723\" src=\"http:\/\/www.assessor.fr\/wp-content\/uploads\/2020\/02\/writing-hand-glass-finger-training-brand-924910-pxhere.com_-1-1024x723.jpg\" alt=\"\" class=\"wp-image-223\" srcset=\"https:\/\/www.assessor.fr\/wp-content\/uploads\/2020\/02\/writing-hand-glass-finger-training-brand-924910-pxhere.com_-1-1024x723.jpg 1024w, https:\/\/www.assessor.fr\/wp-content\/uploads\/2020\/02\/writing-hand-glass-finger-training-brand-924910-pxhere.com_-1-300x212.jpg 300w, https:\/\/www.assessor.fr\/wp-content\/uploads\/2020\/02\/writing-hand-glass-finger-training-brand-924910-pxhere.com_-1-768x542.jpg 768w, https:\/\/www.assessor.fr\/wp-content\/uploads\/2020\/02\/writing-hand-glass-finger-training-brand-924910-pxhere.com_-1-1536x1085.jpg 1536w, https:\/\/www.assessor.fr\/wp-content\/uploads\/2020\/02\/writing-hand-glass-finger-training-brand-924910-pxhere.com_-1-2048x1446.jpg 2048w\" sizes=\"(max-width: 706px) 89vw, (max-width: 767px) 82vw, 740px\" \/><\/figure>\n\n\n\n<p><strong>Conception<\/strong><\/p>\n\n\n\n<p>\u2022 V\u00e9rifions la faisabilit\u00e9 du projet \u00e0 partir du capacitaire et la documentation du site. <\/p>\n\n\n\n<p>\u2022 Cr\u00e9ation des concepts d\u2019am\u00e9nagement innovants qui r\u00e9pondent aux besoins des occupants et adapt\u00e9s aux espaces. <\/p>\n\n\n\n<p>\u2022 Garant de la ligne architecturale des projets. <\/p>\n\n\n\n<p>\u2022 Fait appel \u00e0 des experts acoustique, mobilier, audio-vid\u00e9o, signal\u00e9tique. <\/p>\n\n\n\n<figure class=\"wp-block-image size-large\"><img loading=\"lazy\" width=\"1024\" height=\"680\" src=\"http:\/\/www.assessor.fr\/wp-content\/uploads\/2020\/02\/writing-work-pencil-architecture-interior-home-686608-pxhere.com_-1024x680.jpg\" alt=\"\" class=\"wp-image-225\" srcset=\"https:\/\/www.assessor.fr\/wp-content\/uploads\/2020\/02\/writing-work-pencil-architecture-interior-home-686608-pxhere.com_-1024x680.jpg 1024w, https:\/\/www.assessor.fr\/wp-content\/uploads\/2020\/02\/writing-work-pencil-architecture-interior-home-686608-pxhere.com_-300x199.jpg 300w, https:\/\/www.assessor.fr\/wp-content\/uploads\/2020\/02\/writing-work-pencil-architecture-interior-home-686608-pxhere.com_-768x510.jpg 768w, https:\/\/www.assessor.fr\/wp-content\/uploads\/2020\/02\/writing-work-pencil-architecture-interior-home-686608-pxhere.com_-1536x1020.jpg 1536w, https:\/\/www.assessor.fr\/wp-content\/uploads\/2020\/02\/writing-work-pencil-architecture-interior-home-686608-pxhere.com_-2048x1360.jpg 2048w\" sizes=\"(max-width: 706px) 89vw, (max-width: 767px) 82vw, 740px\" \/><\/figure>\n\n\n\n<p><strong>Infographie<\/strong><\/p>\n\n\n\n<p>\u2022 Expert de la CAO\/DAO, nous traduisons en dessin technique 2D <\/p>\n\n\n\n<p> \u2022 Mod\u00e9lisation 3D de projet architectural. <\/p>\n\n\n\n<p> \u2022 R\u00e9alise le space planning \u00e0 partir des besoins exprim\u00e9s et du concept&nbsp; d\u2019am\u00e9nagement. <\/p>\n\n\n\n<p>\u2022 R\u00e9alisation des plans pour chacune des phases du projet. <\/p>\n\n\n\n<p>\u2022 Garant de l\u2019armoire \u00e0 plan et de sa mise \u00e0 jour. <\/p>\n\n\n\n<figure class=\"wp-block-image size-large\"><img loading=\"lazy\" width=\"1024\" height=\"683\" src=\"http:\/\/www.assessor.fr\/wp-content\/uploads\/2020\/02\/work-architecture-scale-interior-design-brand-project-1192747-pxhere.com_-1024x683.jpg\" alt=\"\" class=\"wp-image-204\" srcset=\"https:\/\/www.assessor.fr\/wp-content\/uploads\/2020\/02\/work-architecture-scale-interior-design-brand-project-1192747-pxhere.com_-1024x683.jpg 1024w, https:\/\/www.assessor.fr\/wp-content\/uploads\/2020\/02\/work-architecture-scale-interior-design-brand-project-1192747-pxhere.com_-300x200.jpg 300w, https:\/\/www.assessor.fr\/wp-content\/uploads\/2020\/02\/work-architecture-scale-interior-design-brand-project-1192747-pxhere.com_-768x512.jpg 768w, https:\/\/www.assessor.fr\/wp-content\/uploads\/2020\/02\/work-architecture-scale-interior-design-brand-project-1192747-pxhere.com_-1536x1024.jpg 1536w, https:\/\/www.assessor.fr\/wp-content\/uploads\/2020\/02\/work-architecture-scale-interior-design-brand-project-1192747-pxhere.com_-2048x1365.jpg 2048w\" sizes=\"(max-width: 706px) 89vw, (max-width: 767px) 82vw, 740px\" \/><\/figure>\n\n\n\n<p><strong>Mobilier<\/strong><\/p>\n\n\n\n<p>\u2022Audit et analyse de l\u2019environnement de travail. <\/p>\n\n\n\n<p>\u2022Expertise et accompagnement sur le choix du mobilier. \u2022R\u00e9daction des documents de consultation. <\/p>\n\n\n\n<p> \u2022V\u00e9rification des commandes avant livraison. <\/p>\n\n\n\n<p>\u2022Suivi et pilotage de l\u2019installation des mobiliers en conformit\u00e9 avec les plans et le phasing transfert. <\/p>\n\n\n\n<p>\u2022Suivi qualit\u00e9 et SAV des mobiliers. <\/p>\n\n\n\n<p>\u2022Inventaire mobilier avec code barre. <\/p>\n\n\n\n<figure class=\"wp-block-image size-large\"><img loading=\"lazy\" width=\"1024\" height=\"683\" src=\"http:\/\/www.assessor.fr\/wp-content\/uploads\/2020\/02\/architecture-structure-wood-floor-building-ceiling-9341-pxhere.com_-1-1024x683.jpg\" alt=\"\" class=\"wp-image-229\" srcset=\"https:\/\/www.assessor.fr\/wp-content\/uploads\/2020\/02\/architecture-structure-wood-floor-building-ceiling-9341-pxhere.com_-1-1024x683.jpg 1024w, https:\/\/www.assessor.fr\/wp-content\/uploads\/2020\/02\/architecture-structure-wood-floor-building-ceiling-9341-pxhere.com_-1-300x200.jpg 300w, https:\/\/www.assessor.fr\/wp-content\/uploads\/2020\/02\/architecture-structure-wood-floor-building-ceiling-9341-pxhere.com_-1-768x512.jpg 768w, https:\/\/www.assessor.fr\/wp-content\/uploads\/2020\/02\/architecture-structure-wood-floor-building-ceiling-9341-pxhere.com_-1-1536x1024.jpg 1536w, https:\/\/www.assessor.fr\/wp-content\/uploads\/2020\/02\/architecture-structure-wood-floor-building-ceiling-9341-pxhere.com_-1-2048x1365.jpg 2048w\" sizes=\"(max-width: 706px) 89vw, (max-width: 767px) 82vw, 740px\" \/><\/figure>\n\n\n\n<p><strong>Travaux<\/strong><\/p>\n\n\n\n<p>\u2022 Consolidation du cahier des charges technique \u00e0 partir du space planning et du concept d\u2019am\u00e9nagement <\/p>\n\n\n\n<p>\u2022 Commande des \u00e9tudes compl\u00e9mentaires pour les lots techniques, si n\u00e9cessaire. <\/p>\n\n\n\n<p>\u2022 R\u00e9daction du dossier de consultation des entreprise et proc\u00e8de \u00e0 la consultation,  <\/p>\n\n\n\n<p>\u2022 Engageons, suivons, pilotons et assistons le ma\u00eetre d\u2019ouvrage \u00e0 la r\u00e9ception les travaux, collecte des DOE et DIUO. <\/p>\n\n\n\n<p>\u2022 Assurons la lev\u00e9e des r\u00e9serves. <\/p>\n\n\n\n<figure class=\"wp-block-image size-large\"><img loading=\"lazy\" width=\"1024\" height=\"683\" src=\"http:\/\/www.assessor.fr\/wp-content\/uploads\/2020\/02\/safety-health-worker-engineer-construction-industry-1575605-pxhere.com_-1-1024x683.jpg\" alt=\"\" class=\"wp-image-231\" srcset=\"https:\/\/www.assessor.fr\/wp-content\/uploads\/2020\/02\/safety-health-worker-engineer-construction-industry-1575605-pxhere.com_-1-1024x683.jpg 1024w, https:\/\/www.assessor.fr\/wp-content\/uploads\/2020\/02\/safety-health-worker-engineer-construction-industry-1575605-pxhere.com_-1-300x200.jpg 300w, https:\/\/www.assessor.fr\/wp-content\/uploads\/2020\/02\/safety-health-worker-engineer-construction-industry-1575605-pxhere.com_-1-768x512.jpg 768w, https:\/\/www.assessor.fr\/wp-content\/uploads\/2020\/02\/safety-health-worker-engineer-construction-industry-1575605-pxhere.com_-1-1536x1024.jpg 1536w, https:\/\/www.assessor.fr\/wp-content\/uploads\/2020\/02\/safety-health-worker-engineer-construction-industry-1575605-pxhere.com_-1-2048x1365.jpg 2048w\" sizes=\"(max-width: 706px) 89vw, (max-width: 767px) 82vw, 740px\" \/><\/figure>\n\n\n\n<p><strong>Transfert<\/strong><\/p>\n\n\n\n<p>\u2022 Recueil du descriptif du projet. <\/p>\n\n\n\n<p>\u2022 Documentons le projet de transfert (lieux, phases, volume, conditions d\u2019accompagnement des \u00e9quipes transf\u00e9r\u00e9es). <\/p>\n\n\n\n<p>\u2022 Pr\u00e9sentons sa transcription du projet, son chiffrage et ses conditions de r\u00e9alisation au ma\u00eetre d\u2019ouvrage pour contractualisation. <\/p>\n\n\n\n<p>\u2022 Assurons de bout en bout l\u2019ensemble de la r\u00e9alisation des op\u00e9rations, de la pr\u00e9paration du projet au transfert physique, y compris le SAV.<\/p>\n\n\n\n<figure class=\"wp-block-image size-large\"><img loading=\"lazy\" width=\"1024\" height=\"678\" src=\"http:\/\/www.assessor.fr\/wp-content\/uploads\/2020\/02\/desk-table-workspace-office-living-room-furniture-944600-pxhere.com_-1-1024x678.jpg\" alt=\"\" class=\"wp-image-233\" srcset=\"https:\/\/www.assessor.fr\/wp-content\/uploads\/2020\/02\/desk-table-workspace-office-living-room-furniture-944600-pxhere.com_-1-1024x678.jpg 1024w, https:\/\/www.assessor.fr\/wp-content\/uploads\/2020\/02\/desk-table-workspace-office-living-room-furniture-944600-pxhere.com_-1-300x199.jpg 300w, https:\/\/www.assessor.fr\/wp-content\/uploads\/2020\/02\/desk-table-workspace-office-living-room-furniture-944600-pxhere.com_-1-768x509.jpg 768w, https:\/\/www.assessor.fr\/wp-content\/uploads\/2020\/02\/desk-table-workspace-office-living-room-furniture-944600-pxhere.com_-1-1536x1017.jpg 1536w, https:\/\/www.assessor.fr\/wp-content\/uploads\/2020\/02\/desk-table-workspace-office-living-room-furniture-944600-pxhere.com_-1-2048x1356.jpg 2048w\" sizes=\"(max-width: 706px) 89vw, (max-width: 767px) 82vw, 740px\" \/><\/figure>\n\n\n\n<p><strong>Informatique<\/strong><\/p>\n\n\n\n<p>\u2022 Audit et inventaire du parc. <\/p>\n\n\n\n<p>\u2022 Pr\u00e9conisation sur l\u2019optimisation du mat\u00e9riel. <\/p>\n\n\n\n<p>\u2022 Expertise et accompagnement sur la mise en place de nouveaux \u00e9quipements en salles de r\u00e9union. <\/p>\n\n\n\n<p>\u2022 Assurons la planification et&nbsp; la r\u00e9alisation de la&nbsp; d\u00e9connexion et reconnexion de votre mat\u00e9riel dans le cadre de vos d\u00e9m\u00e9nagements. <\/p>\n\n\n\n<p>\u2022 Inventaire mat\u00e9riel avec code barre. <\/p>\n\n\n\n<figure class=\"wp-block-image size-large\"><img loading=\"lazy\" width=\"1024\" height=\"683\" src=\"http:\/\/www.assessor.fr\/wp-content\/uploads\/2020\/02\/cloud-technology-web-internet-business-developer-646713-pxhere.com_-1024x683.jpg\" alt=\"\" class=\"wp-image-209\" srcset=\"https:\/\/www.assessor.fr\/wp-content\/uploads\/2020\/02\/cloud-technology-web-internet-business-developer-646713-pxhere.com_-1024x683.jpg 1024w, https:\/\/www.assessor.fr\/wp-content\/uploads\/2020\/02\/cloud-technology-web-internet-business-developer-646713-pxhere.com_-300x200.jpg 300w, https:\/\/www.assessor.fr\/wp-content\/uploads\/2020\/02\/cloud-technology-web-internet-business-developer-646713-pxhere.com_-768x512.jpg 768w, https:\/\/www.assessor.fr\/wp-content\/uploads\/2020\/02\/cloud-technology-web-internet-business-developer-646713-pxhere.com_-1536x1024.jpg 1536w, https:\/\/www.assessor.fr\/wp-content\/uploads\/2020\/02\/cloud-technology-web-internet-business-developer-646713-pxhere.com_.jpg 1980w\" sizes=\"(max-width: 706px) 89vw, (max-width: 767px) 82vw, 740px\" \/><\/figure>\n","protected":false},"excerpt":{"rendered":"<p>Gestion de Projet \u2022 Interface unique du client aupr\u00e8s duquel nous collectons les besoins et \u00e0 qui nous adressons le reporting. \u2022 Dimensionnement et management d\u2019une \u00e9quipe d\u2019experts tout au long du projet. \u2022 Garantissons le respect des co\u00fbts, du d\u00e9lai et du budget. \u2022 Garantissons le respects des r\u00e8gles et des normes de r\u00e9alisation. &hellip; <\/p>\n<p class=\"link-more\"><a href=\"https:\/\/www.assessor.fr\/index.php\/94-2\/\" class=\"more-link\">Continue reading<span class=\"screen-reader-text\"> &#8220;Activit\u00e9s&#8221;<\/span><\/a><\/p>\n","protected":false},"author":1,"featured_media":0,"parent":0,"menu_order":0,"comment_status":"closed","ping_status":"closed","template":"","meta":[],"_links":{"self":[{"href":"https:\/\/www.assessor.fr\/index.php\/wp-json\/wp\/v2\/pages\/94"}],"collection":[{"href":"https:\/\/www.assessor.fr\/index.php\/wp-json\/wp\/v2\/pages"}],"about":[{"href":"https:\/\/www.assessor.fr\/index.php\/wp-json\/wp\/v2\/types\/page"}],"author":[{"embeddable":true,"href":"https:\/\/www.assessor.fr\/index.php\/wp-json\/wp\/v2\/users\/1"}],"replies":[{"embeddable":true,"href":"https:\/\/www.assessor.fr\/index.php\/wp-json\/wp\/v2\/comments?post=94"}],"version-history":[{"count":12,"href":"https:\/\/www.assessor.fr\/index.php\/wp-json\/wp\/v2\/pages\/94\/revisions"}],"predecessor-version":[{"id":241,"href":"https:\/\/www.assessor.fr\/index.php\/wp-json\/wp\/v2\/pages\/94\/revisions\/241"}],"wp:attachment":[{"href":"https:\/\/www.assessor.fr\/index.php\/wp-json\/wp\/v2\/media?parent=94"}],"curies":[{"name":"wp","href":"https:\/\/api.w.org\/{rel}","templated":true}]}}