{"id":150,"date":"2020-02-07T09:24:30","date_gmt":"2020-02-07T08:24:30","guid":{"rendered":"http:\/\/www.assessor.fr\/?page_id=150"},"modified":"2020-02-07T16:41:12","modified_gmt":"2020-02-07T15:41:12","slug":"informatique","status":"publish","type":"page","link":"https:\/\/www.assessor.fr\/index.php\/informatique\/","title":{"rendered":"Informatique"},"content":{"rendered":"\n<p> \u2022 Audit et inventaire du parc. <\/p>\n\n\n\n<p>\u2022 Pr\u00e9conisation sur l\u2019optimisation du mat\u00e9riel. <\/p>\n\n\n\n<p>\u2022 Expertise et accompagnement sur la mise en place de nouveaux \u00e9quipements en salles de r\u00e9union. <\/p>\n\n\n\n<p>\u2022 Assurons la planification et\u00a0 la r\u00e9alisation de la\u00a0 d\u00e9connexion et reconnexion de votre mat\u00e9riel dans le cadre de vos d\u00e9m\u00e9nagements. <\/p>\n\n\n\n<p>\u2022 Inventaire mat\u00e9riel avec code barre. <\/p>\n\n\n\n<div class=\"wp-block-media-text alignwide\"><figure class=\"wp-block-media-text__media\"><img loading=\"lazy\" width=\"1024\" height=\"683\" src=\"http:\/\/www.assessor.fr\/wp-content\/uploads\/2020\/02\/cloud-technology-web-internet-business-developer-646713-pxhere.com_-1-1024x683.jpg\" alt=\"\" class=\"wp-image-221\" srcset=\"https:\/\/www.assessor.fr\/wp-content\/uploads\/2020\/02\/cloud-technology-web-internet-business-developer-646713-pxhere.com_-1-1024x683.jpg 1024w, https:\/\/www.assessor.fr\/wp-content\/uploads\/2020\/02\/cloud-technology-web-internet-business-developer-646713-pxhere.com_-1-300x200.jpg 300w, https:\/\/www.assessor.fr\/wp-content\/uploads\/2020\/02\/cloud-technology-web-internet-business-developer-646713-pxhere.com_-1-768x512.jpg 768w, https:\/\/www.assessor.fr\/wp-content\/uploads\/2020\/02\/cloud-technology-web-internet-business-developer-646713-pxhere.com_-1-1536x1024.jpg 1536w, https:\/\/www.assessor.fr\/wp-content\/uploads\/2020\/02\/cloud-technology-web-internet-business-developer-646713-pxhere.com_-1.jpg 1980w\" sizes=\"(max-width: 706px) 89vw, (max-width: 767px) 82vw, 740px\" \/><\/figure><div class=\"wp-block-media-text__content\">\n<p class=\"has-large-font-size\"><\/p>\n<\/div><\/div>\n","protected":false},"excerpt":{"rendered":"<p>\u2022 Audit et inventaire du parc. \u2022 Pr\u00e9conisation sur l\u2019optimisation du mat\u00e9riel. \u2022 Expertise et accompagnement sur la mise en place de nouveaux \u00e9quipements en salles de r\u00e9union. \u2022 Assurons la planification et\u00a0 la r\u00e9alisation de la\u00a0 d\u00e9connexion et reconnexion de votre mat\u00e9riel dans le cadre de vos d\u00e9m\u00e9nagements. \u2022 Inventaire mat\u00e9riel avec code barre.<\/p>\n","protected":false},"author":1,"featured_media":0,"parent":0,"menu_order":0,"comment_status":"closed","ping_status":"closed","template":"","meta":[],"_links":{"self":[{"href":"https:\/\/www.assessor.fr\/index.php\/wp-json\/wp\/v2\/pages\/150"}],"collection":[{"href":"https:\/\/www.assessor.fr\/index.php\/wp-json\/wp\/v2\/pages"}],"about":[{"href":"https:\/\/www.assessor.fr\/index.php\/wp-json\/wp\/v2\/types\/page"}],"author":[{"embeddable":true,"href":"https:\/\/www.assessor.fr\/index.php\/wp-json\/wp\/v2\/users\/1"}],"replies":[{"embeddable":true,"href":"https:\/\/www.assessor.fr\/index.php\/wp-json\/wp\/v2\/comments?post=150"}],"version-history":[{"count":5,"href":"https:\/\/www.assessor.fr\/index.php\/wp-json\/wp\/v2\/pages\/150\/revisions"}],"predecessor-version":[{"id":222,"href":"https:\/\/www.assessor.fr\/index.php\/wp-json\/wp\/v2\/pages\/150\/revisions\/222"}],"wp:attachment":[{"href":"https:\/\/www.assessor.fr\/index.php\/wp-json\/wp\/v2\/media?parent=150"}],"curies":[{"name":"wp","href":"https:\/\/api.w.org\/{rel}","templated":true}]}}