{"id":146,"date":"2020-02-07T09:22:58","date_gmt":"2020-02-07T08:22:58","guid":{"rendered":"http:\/\/www.assessor.fr\/?page_id=146"},"modified":"2020-02-07T16:46:14","modified_gmt":"2020-02-07T15:46:14","slug":"travaux","status":"publish","type":"page","link":"https:\/\/www.assessor.fr\/index.php\/travaux\/","title":{"rendered":"Travaux"},"content":{"rendered":"\n<p> \u2022 Consolidation du cahier des charges technique \u00e0 partir du space planning et du concept d\u2019am\u00e9nagement <\/p>\n\n\n\n<p>\u2022 Commande des \u00e9tudes compl\u00e9mentaires pour les lots techniques, si n\u00e9cessaire. <\/p>\n\n\n\n<p>\u2022 R\u00e9daction du dossier de consultation des entreprise et proc\u00e8de \u00e0 la consultation,  <\/p>\n\n\n\n<p>\u2022 Engageons, suivons, pilotons et assistons le ma\u00eetre d\u2019ouvrage \u00e0 la r\u00e9ception les travaux, collecte des DOE et DIUO. <\/p>\n\n\n\n<p>\u2022 Assurons la lev\u00e9e des r\u00e9serves. <\/p>\n\n\n\n<div class=\"wp-block-media-text alignwide\"><figure class=\"wp-block-media-text__media\"><img loading=\"lazy\" width=\"1024\" height=\"683\" src=\"http:\/\/www.assessor.fr\/wp-content\/uploads\/2020\/02\/safety-health-worker-engineer-construction-industry-1575605-pxhere.com_-1-1024x683.jpg\" alt=\"\" class=\"wp-image-231\" srcset=\"https:\/\/www.assessor.fr\/wp-content\/uploads\/2020\/02\/safety-health-worker-engineer-construction-industry-1575605-pxhere.com_-1-1024x683.jpg 1024w, https:\/\/www.assessor.fr\/wp-content\/uploads\/2020\/02\/safety-health-worker-engineer-construction-industry-1575605-pxhere.com_-1-300x200.jpg 300w, https:\/\/www.assessor.fr\/wp-content\/uploads\/2020\/02\/safety-health-worker-engineer-construction-industry-1575605-pxhere.com_-1-768x512.jpg 768w, https:\/\/www.assessor.fr\/wp-content\/uploads\/2020\/02\/safety-health-worker-engineer-construction-industry-1575605-pxhere.com_-1-1536x1024.jpg 1536w, https:\/\/www.assessor.fr\/wp-content\/uploads\/2020\/02\/safety-health-worker-engineer-construction-industry-1575605-pxhere.com_-1-2048x1365.jpg 2048w\" sizes=\"(max-width: 706px) 89vw, (max-width: 767px) 82vw, 740px\" \/><\/figure><div class=\"wp-block-media-text__content\">\n<p class=\"has-large-font-size\"><\/p>\n<\/div><\/div>\n","protected":false},"excerpt":{"rendered":"<p>\u2022 Consolidation du cahier des charges technique \u00e0 partir du space planning et du concept d\u2019am\u00e9nagement \u2022 Commande des \u00e9tudes compl\u00e9mentaires pour les lots techniques, si n\u00e9cessaire. \u2022 R\u00e9daction du dossier de consultation des entreprise et proc\u00e8de \u00e0 la consultation, \u2022 Engageons, suivons, pilotons et assistons le ma\u00eetre d\u2019ouvrage \u00e0 la r\u00e9ception les travaux, collecte &hellip; <\/p>\n<p class=\"link-more\"><a href=\"https:\/\/www.assessor.fr\/index.php\/travaux\/\" class=\"more-link\">Continue reading<span class=\"screen-reader-text\"> &#8220;Travaux&#8221;<\/span><\/a><\/p>\n","protected":false},"author":1,"featured_media":0,"parent":0,"menu_order":0,"comment_status":"closed","ping_status":"closed","template":"","meta":[],"_links":{"self":[{"href":"https:\/\/www.assessor.fr\/index.php\/wp-json\/wp\/v2\/pages\/146"}],"collection":[{"href":"https:\/\/www.assessor.fr\/index.php\/wp-json\/wp\/v2\/pages"}],"about":[{"href":"https:\/\/www.assessor.fr\/index.php\/wp-json\/wp\/v2\/types\/page"}],"author":[{"embeddable":true,"href":"https:\/\/www.assessor.fr\/index.php\/wp-json\/wp\/v2\/users\/1"}],"replies":[{"embeddable":true,"href":"https:\/\/www.assessor.fr\/index.php\/wp-json\/wp\/v2\/comments?post=146"}],"version-history":[{"count":3,"href":"https:\/\/www.assessor.fr\/index.php\/wp-json\/wp\/v2\/pages\/146\/revisions"}],"predecessor-version":[{"id":232,"href":"https:\/\/www.assessor.fr\/index.php\/wp-json\/wp\/v2\/pages\/146\/revisions\/232"}],"wp:attachment":[{"href":"https:\/\/www.assessor.fr\/index.php\/wp-json\/wp\/v2\/media?parent=146"}],"curies":[{"name":"wp","href":"https:\/\/api.w.org\/{rel}","templated":true}]}}