{"id":141,"date":"2020-02-07T09:18:58","date_gmt":"2020-02-07T08:18:58","guid":{"rendered":"http:\/\/www.assessor.fr\/?page_id=141"},"modified":"2020-02-07T16:43:55","modified_gmt":"2020-02-07T15:43:55","slug":"infographie","status":"publish","type":"page","link":"https:\/\/www.assessor.fr\/index.php\/infographie\/","title":{"rendered":"Infographie"},"content":{"rendered":"\n<p> \u2022 Expert de la CAO\/DAO, nous traduisons en dessin technique 2D <\/p>\n\n\n\n<p> \u2022 Mod\u00e9lisation 3D de projet architectural. <\/p>\n\n\n\n<p> \u2022 R\u00e9alise le space planning \u00e0 partir des besoins exprim\u00e9s et du concept&nbsp; d\u2019am\u00e9nagement. <\/p>\n\n\n\n<p>\u2022 R\u00e9alisation des plans pour chacune des phases du projet. <\/p>\n\n\n\n<p>\u2022 Garant de l\u2019armoire \u00e0 plan et de sa mise \u00e0 jour. <\/p>\n\n\n\n<div class=\"wp-block-media-text alignwide\"><figure class=\"wp-block-media-text__media\"><img loading=\"lazy\" width=\"1024\" height=\"683\" src=\"http:\/\/www.assessor.fr\/wp-content\/uploads\/2020\/02\/work-architecture-scale-interior-design-brand-project-1192747-pxhere.com_-1-1024x683.jpg\" alt=\"\" class=\"wp-image-227\" srcset=\"https:\/\/www.assessor.fr\/wp-content\/uploads\/2020\/02\/work-architecture-scale-interior-design-brand-project-1192747-pxhere.com_-1-1024x683.jpg 1024w, https:\/\/www.assessor.fr\/wp-content\/uploads\/2020\/02\/work-architecture-scale-interior-design-brand-project-1192747-pxhere.com_-1-300x200.jpg 300w, https:\/\/www.assessor.fr\/wp-content\/uploads\/2020\/02\/work-architecture-scale-interior-design-brand-project-1192747-pxhere.com_-1-768x512.jpg 768w, https:\/\/www.assessor.fr\/wp-content\/uploads\/2020\/02\/work-architecture-scale-interior-design-brand-project-1192747-pxhere.com_-1-1536x1024.jpg 1536w, https:\/\/www.assessor.fr\/wp-content\/uploads\/2020\/02\/work-architecture-scale-interior-design-brand-project-1192747-pxhere.com_-1-2048x1365.jpg 2048w\" sizes=\"(max-width: 706px) 89vw, (max-width: 767px) 82vw, 740px\" \/><\/figure><div class=\"wp-block-media-text__content\">\n<p class=\"has-large-font-size\"><\/p>\n<\/div><\/div>\n","protected":false},"excerpt":{"rendered":"<p>\u2022 Expert de la CAO\/DAO, nous traduisons en dessin technique 2D \u2022 Mod\u00e9lisation 3D de projet architectural. \u2022 R\u00e9alise le space planning \u00e0 partir des besoins exprim\u00e9s et du concept&nbsp; d\u2019am\u00e9nagement. \u2022 R\u00e9alisation des plans pour chacune des phases du projet. \u2022 Garant de l\u2019armoire \u00e0 plan et de sa mise \u00e0 jour.<\/p>\n","protected":false},"author":1,"featured_media":0,"parent":0,"menu_order":0,"comment_status":"closed","ping_status":"closed","template":"","meta":[],"_links":{"self":[{"href":"https:\/\/www.assessor.fr\/index.php\/wp-json\/wp\/v2\/pages\/141"}],"collection":[{"href":"https:\/\/www.assessor.fr\/index.php\/wp-json\/wp\/v2\/pages"}],"about":[{"href":"https:\/\/www.assessor.fr\/index.php\/wp-json\/wp\/v2\/types\/page"}],"author":[{"embeddable":true,"href":"https:\/\/www.assessor.fr\/index.php\/wp-json\/wp\/v2\/users\/1"}],"replies":[{"embeddable":true,"href":"https:\/\/www.assessor.fr\/index.php\/wp-json\/wp\/v2\/comments?post=141"}],"version-history":[{"count":7,"href":"https:\/\/www.assessor.fr\/index.php\/wp-json\/wp\/v2\/pages\/141\/revisions"}],"predecessor-version":[{"id":228,"href":"https:\/\/www.assessor.fr\/index.php\/wp-json\/wp\/v2\/pages\/141\/revisions\/228"}],"wp:attachment":[{"href":"https:\/\/www.assessor.fr\/index.php\/wp-json\/wp\/v2\/media?parent=141"}],"curies":[{"name":"wp","href":"https:\/\/api.w.org\/{rel}","templated":true}]}}